
{"id":1583,"date":"2025-12-03T11:06:36","date_gmt":"2025-12-03T03:06:36","guid":{"rendered":"https:\/\/www.northpwr.cn\/?post_type=product&p=1583"},"modified":"2025-12-03T11:06:36","modified_gmt":"2025-12-03T03:06:36","slug":"fy3000-gcs-low-voltage-switchgear","status":"publish","type":"product","link":"https:\/\/www.northpwr.cn\/tr\/urun\/fy3000-gcs-low-voltage-switchgear\/","title":{"rendered":"FY3000 (GCS) D\u00fc\u015f\u00fck gerilim \u015falter cihaz\u0131"},"content":{"rendered":"<p data-cah=\"2\">FY3000 (GCS) d\u00fc\u015f\u00fck gerilim \u00e7\u0131kar\u0131labilir \u015falter cihaz\u0131, enerji santralleri, petrol, kimya, metalurji, tekstil ve y\u00fcksek katl\u0131 bina end\u00fcstrilerindeki g\u00fc\u00e7 da\u011f\u0131t\u0131m sistemlerine uygundur.<\/p>\n<p> Genel Bak\u0131\u015f<br \/> \u3000\u3000FY3000 (GCS) d\u00fc\u015f\u00fck gerilim \u00e7\u0131kar\u0131labilir \u015falter cihaz\u0131, enerji santralleri, petrol, kimya, metalurji, tekstil ve y\u00fcksek katl\u0131 bina end\u00fcstrilerindeki g\u00fc\u00e7 da\u011f\u0131t\u0131m sistemlerine uygundur. Y\u00fcksek otomasyon ve bilgisayar aray\u00fcz\u00fc gereksinimlerine sahip b\u00fcy\u00fck enerji santralleri ve petrokimya sistemlerinde, 50 (60Hz) \u00fc\u00e7 fazl\u0131 AC frekans\u0131, 380V (400V) nominal \u00e7al\u0131\u015fma gerilimi olan enerji santrali, motor kontrol\u00fc ve reaktif g\u00fc\u00e7 kompanzasyonu i\u00e7in d\u00fc\u015f\u00fck gerilimli tamamen donan\u0131ml\u0131 g\u00fc\u00e7 da\u011f\u0131t\u0131m cihaz\u0131 olarak hizmet verir.<br \/> Kullan\u0131m Ortam\u0131 Ko\u015fullar\u0131<br \/> \u3000\u3000\u2022 Ortam s\u0131cakl\u0131\u011f\u0131: +40\u2103~-15\u2103<\/p>\n<p> \u3000\u3000\u2022 \u0130rtifa: 2000m.<\/p>\n<p> \u3000\u3000\u2022 Ortam nemli\u011fi: G\u00fcnl\u00fck ortalama nispi nem 95%, ayl\u0131k ortalama nispi nem 90%.<\/p>\n<p> \u3000\u3000\u2022 Dikey montaj y\u00fczeyinin e\u011fimi 5%'yi a\u015fmaz ve t\u00fcm kabin grubu nispeten d\u00fczg\u00fcnd\u00fcr.<\/p>\n<p> \u3000\u3000\u2022 \u015eiddetli titre\u015fim ve darbe bulunmaz ve elektrik bile\u015fenlerine zarar verebilecek yetersiz korozyonlu yerlerde kullan\u0131lmaz.<br \/> Ana Yap\u0131sal \u00d6zellikler<br \/> \u3000\u3000\u2022 Ana \u00e7er\u00e7eve, so\u011fuk haddeleme \u00e7elik levhalar\u0131ndan veya al\u00fcminyum-\u00e7inko kaplamal\u0131 \u00e7elik levhalardan so\u011fuk b\u00fck\u00fclm\u00fc\u015f BMF profilleri veya \u201cC\u201d profilleri kullan\u0131r; y\u00fcksek mukavemetli ve kolay mod\u00fcler kurulum \u00f6zelli\u011fine sahiptir.<\/p>\n<p> \u3000\u3000\u2022 \u00c7ekmeceler d\u00f6rt boyut serisine ayr\u0131l\u0131r: 1\/2 birim, 1 birim, 2 birim ve 3 birim, devrenin nominal ak\u0131m\u0131 630A veya daha azd\u0131r.<\/p>\n<p> \u3000\u3000\u2022 Esnek montaj, kompakt yap\u0131, g\u00fc\u00e7l\u00fc \u00e7ok y\u00f6nl\u00fcl\u00fck, iyi g\u00fcvenlik performans\u0131 ve rahat montaj.<\/p>\n<p> \u3000\u3000\u2022 Aktarma par\u00e7as\u0131n\u0131n \u0131s\u0131 kapasitesinin art\u0131r\u0131lmas\u0131, aktarma par\u00e7as\u0131ndan tak\u0131l\u0131 kablolara, kablo ba\u015fl\u0131\u011f\u0131na ve b\u00f6lme plakas\u0131na olu\u015fan s\u0131cakl\u0131k art\u0131\u015f\u0131n\u0131 \u00f6nemli \u00f6l\u00e7\u00fcde azalt\u0131r.<\/p>\n<p> \u3000\u3000\u2022 Fonksiyonel birimler ve b\u00f6lmeler aras\u0131nda g\u00fcvenilirlik; bir birimin ar\u0131zas\u0131 di\u011fer birimlerin normal \u00e7al\u0131\u015fmas\u0131n\u0131 etkilemez, ar\u0131zay\u0131 minimum b\u00f6lgeye s\u0131n\u0131rlar.<\/p>\n<p> \u3000\u3000\u2022 Busbarlar\u0131n yatay konumu cihaz\u0131n dinamik ve termal kararl\u0131l\u0131\u011f\u0131n\u0131 iyi sa\u011flar.<\/p>\n<p> \u3000\u3000\u2022 Cihaz ile harici kablolar aras\u0131ndaki ba\u011flant\u0131 kablo b\u00f6lmesinde ger\u00e7ekle\u015ftirilir ve kablolar \u00fcstten ve alttan giri\u015f ve \u00e7\u0131k\u0131\u015f yapabilir. S\u0131f\u0131r-seviye ak\u0131m transformat\u00f6r\u00fc, kolay kurulum ve bak\u0131m i\u00e7in kablo b\u00f6l\u00fcm\u00fcnde yer al\u0131r.<\/p>\n<p> \u3000\u3000\u2022 \u00c7ekmeceli \u00fcnite yeterince say\u0131da ikincil fi\u015flere sahiptir (1 birim ve \u00fczeri i\u00e7in 32 \u00e7ift, 1\/2 birim i\u00e7in 20 \u00e7ift), bu da bilgisayar aray\u00fczleri ve uzaktan kontrol devrelerinin ba\u011flant\u0131 noktalar\u0131 say\u0131s\u0131 gereksinimlerini kar\u015f\u0131layabilir.<\/p>\n<p data-cah=\"2\">Sipari\u015f Bilgileri<br \/> \u3000\u3000L\u00fctfen sipari\u015f verirken a\u015fa\u011f\u0131daki bilgileri sa\u011flay\u0131n:<\/p>\n<p> \u3000\u3000\u2022 Ana devre \u015femas\u0131 numaras\u0131, ana tesisat \u015femas\u0131, d\u00fczenlemesi \u015femas\u0131 ve yerle\u015fim plan\u0131.<\/p>\n<p> \u3000\u3000\u2022 Yard\u0131mc\u0131 devre elektrik \u015fematik diyagram\u0131 ve terminal d\u00fczenlemesi \u015femas\u0131.<\/p>\n<p> \u3000\u3000\u2022 \u015ealter kutusu i\u00e7indeki elektrik bile\u015fenlerinin sembolleri, teknik \u00f6zellikleri ve miktarlar\u0131.<\/p>","protected":false},"excerpt":{"rendered":"<p>FY3000 (GCS) d\u00fc\u015f\u00fck gerilim \u00e7\u0131kar\u0131labilir \u015falter cihaz\u0131, enerji santralleri, petrol, kimya, metalurji, tekstil ve y\u00fcksek katl\u0131 bina end\u00fcstrilerindeki g\u00fc\u00e7 da\u011f\u0131t\u0131m sistemleri i\u00e7in uygundur. Genel Bak\u0131\u015f \u3000\u3000FY3000 (GCS) d\u00fc\u015f\u00fck gerilim \u00e7\u0131kar\u0131labilir \u015falter cihaz\u0131, enerji santralleri, petrol, kimya, metalurji, tekstil ve y\u00fcksek katl\u0131 bina end\u00fcstrilerindeki g\u00fc\u00e7 da\u011f\u0131t\u0131m sistemleri i\u00e7in uygundur. B\u00fcy\u00fck enerji santralleri ve petrokimya sistemlerinde [\u2026]<\/p>","protected":false},"featured_media":1584,"template":"","meta":{"_acf_changed":false,"_seopress_robots_primary_cat":""},"product_brand":[],"product_cat":[60],"product_tag":[],"class_list":{"0":"post-1583","1":"product","2":"type-product","3":"status-publish","4":"has-post-thumbnail","6":"product_cat-low-voltage-cabinet","8":"first","9":"instock","10":"shipping-taxable","11":"product-type-simple"},"acf":[],"_links":{"self":[{"href":"https:\/\/www.northpwr.cn\/tr\/wp-json\/wp\/v2\/product\/1583","targetHints":{"allow":["GET"]}}],"collection":[{"href":"https:\/\/www.northpwr.cn\/tr\/wp-json\/wp\/v2\/product"}],"about":[{"href":"https:\/\/www.northpwr.cn\/tr\/wp-json\/wp\/v2\/types\/product"}],"wp:featuredmedia":[{"embeddable":true,"href":"https:\/\/www.northpwr.cn\/tr\/wp-json\/wp\/v2\/media\/1584"}],"wp:attachment":[{"href":"https:\/\/www.northpwr.cn\/tr\/wp-json\/wp\/v2\/media?parent=1583"}],"wp:term":[{"taxonomy":"product_brand","embeddable":true,"href":"https:\/\/www.northpwr.cn\/tr\/wp-json\/wp\/v2\/product_brand?post=1583"},{"taxonomy":"product_cat","embeddable":true,"href":"https:\/\/www.northpwr.cn\/tr\/wp-json\/wp\/v2\/product_cat?post=1583"},{"taxonomy":"product_tag","embeddable":true,"href":"https:\/\/www.northpwr.cn\/tr\/wp-json\/wp\/v2\/product_tag?post=1583"}],"curies":[{"name":"wp","href":"https:\/\/api.w.org\/{rel}","templated":true}]}}