
{"id":1588,"date":"2025-12-03T11:06:41","date_gmt":"2025-12-03T03:06:41","guid":{"rendered":"https:\/\/www.northpwr.cn\/?post_type=product&p=1588"},"modified":"2025-12-03T11:06:41","modified_gmt":"2025-12-03T03:06:41","slug":"fyxl-metal-enclosed-switchgear-power-cabinet","status":"publish","type":"product","link":"https:\/\/www.northpwr.cn\/tr\/urun\/fyxl-metal-enclosed-switchgear-power-cabinet\/","title":{"rendered":"FYXL Metal Kaplamal\u0131 \u015ealter Cihaz\u0131 (G\u00fc\u00e7 Kabini)"},"content":{"rendered":"<p data-cah=\"2\">FYXL g\u00fc\u00e7 da\u011f\u0131t\u0131m kabini, 400V nominal gerilimli ve 630A veya daha az nominal ak\u0131ml\u0131 g\u00fc\u00e7 al\u0131m\u0131, g\u00fc\u00e7 beslemesi, motor kontrol\u00fc ve ayd\u0131nlatma i\u00e7in kullan\u0131lan g\u00fc\u00e7 da\u011f\u0131t\u0131m sistemlerinde kullan\u0131ma uygundur. Otomatik entegre izleme sistemi arac\u0131l\u0131\u011f\u0131yla kontrol, koruma, izolasyon, izleme, saya\u00e7lama ve uzaktan kontrol fonksiyonlar\u0131n\u0131 (d\u00f6rt uzaktan kontrol fonksiyonu) ger\u00e7ekle\u015ftirmektedir.<\/p>\n<p> Genel Bak\u0131\u015f<br \/> \u3000\u3000FYXL g\u00fc\u00e7 da\u011f\u0131t\u0131m kabini, 400V nominal gerilimli ve 630A veya daha az nominal ak\u0131ml\u0131 g\u00fc\u00e7 al\u0131m\u0131, g\u00fc\u00e7 beslemesi, motor kontrol\u00fc ve ayd\u0131nlatma i\u00e7in kullan\u0131lan g\u00fc\u00e7 da\u011f\u0131t\u0131m sistemlerinde kullan\u0131ma uygundur. Otomatik entegre izleme sistemi arac\u0131l\u0131\u011f\u0131yla kontrol, koruma, izolasyon, izleme, saya\u00e7lama ve uzaktan kontrol fonksiyonlar\u0131n\u0131 ger\u00e7ekle\u015ftirmektedir. Bu \u00fcr\u00fcn serisi, kapsaml\u0131 \u00e7\u00f6z\u00fcmler sunmakta ve kullan\u0131c\u0131lar\u0131n ihtiya\u00e7lar\u0131na g\u00f6re \u00e7e\u015fitli g\u00fc\u00e7 da\u011f\u0131t\u0131m \u015femalar\u0131n\u0131 uygulayabilmektedir. G\u00fc\u00e7 da\u011f\u0131t\u0131m ortam\u0131n\u0131n vazge\u00e7ilmez bir par\u00e7as\u0131d\u0131r ve y\u00fcksek katl\u0131 binalar, havalimanlar\u0131, limanlar, end\u00fcstriyel ve madencilik i\u015fletmeleri ile di\u011fer sekt\u00f6rler i\u00e7in ideal terminal g\u00fc\u00e7 da\u011f\u0131t\u0131m ekipman\u0131d\u0131r.<br \/> Kullan\u0131m Ortam\u0131 Ko\u015fullar\u0131<br \/> \u3000\u3000\u2022 Ambiyent s\u0131cakl\u0131k: -40\u2103~35\u2103<\/p>\n<p> \u3000\u3000\u2022 G\u00f6receli nem: \u226490% (20\u2103'de)<\/p>\n<p> \u3000\u3000\u2022 \u0130rtifa: \u22642000m<\/p>\n<p> \u3000\u3000\u2022 \u00c7evresel ko\u015fullar: Yang\u0131n, patlama tehlikesi, ciddi kirlenme, kimyasal a\u015f\u0131nma ve g\u00fc\u00e7l\u00fc titre\u015fimlerin bulundu\u011fu yerlere uygun de\u011fildir<\/p>\n<p> \u3000\u3000\u2022 Kurulum yeri: Zeminle e\u011fim a\u00e7\u0131s\u0131 5 dereceden fazla olmamal\u0131d\u0131r<br \/> Teknik Parametreler<\/p>\n<table data-cah=\"6\">\n<tbody>\n<tr>\n<td class=\"\"><span class=\"ellipsis\" title=\"Seri Numaras\u0131\">Seri Numaras\u0131<\/span><\/td>\n<td class=\"\"><span class=\"ellipsis\" title=\"Ad\">Ad<\/span><\/td>\n<td class=\"\"><span class=\"ellipsis\" title=\"Birim\">Birim<\/span><\/td>\n<td class=\"\"><span class=\"ellipsis\" title=\"Teknik Parametreler\">Teknik Parametreler<\/span><\/td>\n<\/tr>\n<tr>\n<td class=\"\"><span class=\"ellipsis\" title=\"1\">1<\/span><\/td>\n<td class=\"\"><span class=\"ellipsis\" title=\"Ana devrenin nominal gerilimi\">Ana devrenin nominal gerilimi<\/span><\/td>\n<td class=\"\"><span class=\"ellipsis\" title=\"V\">V<\/span><\/td>\n<td class=\"\"><span class=\"ellipsis\" title=\"Ac380\">Ac380<\/span><\/td>\n<\/tr>\n<tr>\n<td class=\"\"><span class=\"ellipsis\" title=\"2\">2<\/span><\/td>\n<td class=\"\"><span class=\"ellipsis\" title=\"Yard\u0131mc\u0131 devrenin nominal gerilimi\">Yard\u0131mc\u0131 devrenin nominal gerilimi<\/span><\/td>\n<td class=\"\"><span class=\"ellipsis\" title=\"V\">V<\/span><\/td>\n<td class=\"\"><span class=\"ellipsis\" title=\"AC220V, AC380\">AC220V, AC380<\/span><\/td>\n<\/tr>\n<tr>\n<td class=\"\"><span class=\"ellipsis\" title=\"3\">3<\/span><\/td>\n<td class=\"\"><span class=\"ellipsis\" title=\"Nominal \u00e7al\u0131\u015fma frekans\u0131\">Nominal \u00e7al\u0131\u015fma frekans\u0131<\/span><\/td>\n<td class=\"\"><span class=\"ellipsis\" title=\"Hz\">Hz<\/span><\/td>\n<td class=\"\"><span class=\"ellipsis\" title=\"50\">50<\/span><\/td>\n<\/tr>\n<tr>\n<td class=\"\"><span class=\"ellipsis\" title=\"4\">4<\/span><\/td>\n<td class=\"\"><span class=\"ellipsis\" title=\"Nominal yal\u0131t\u0131m gerilimi\">Nominal yal\u0131t\u0131m gerilimi<\/span><\/td>\n<td class=\"\"><span class=\"ellipsis\" title=\"KV\">KV<\/span><\/td>\n<td class=\"\"><span class=\"ellipsis\" title=\"660, 690\">660, 690<\/span><\/td>\n<\/tr>\n<tr>\n<td class=\"\"><span class=\"ellipsis\" title=\"5\">5<\/span><\/td>\n<td class=\"\"><span class=\"ellipsis\" title=\"Nominal ak\u0131m\">Nominal ak\u0131m<\/span><\/td>\n<td class=\"\"><span class=\"ellipsis\" title=\"A\">A<\/span><\/td>\n<td class=\"\"><span class=\"ellipsis\" title=\"\u2264630\">\u2264630<\/span><\/td>\n<\/tr>\n<tr>\n<td class=\"\"><span class=\"ellipsis\" title=\"6\">6<\/span><\/td>\n<td class=\"\"><span class=\"ellipsis\" title=\"Ebatlar (Geni\u015flik*Derinlik*Y\u00fckseklik)\">Ebatlar (Geni\u015flik*Derinlik*Y\u00fckseklik)<\/span><\/td>\n<td class=\"\"><span class=\"ellipsis\" title=\"mm\">mm<\/span><\/td>\n<td class=\"\"><span class=\"ellipsis\" title=\"700*350*1700\">700*350*1700<\/span><\/td>\n<\/tr>\n<\/tbody>\n<\/table>\n<p data-cah=\"2\">Sipari\u015f Talimatlar\u0131<br \/> \u3000\u3000L\u00fctfen sipari\u015f verirken belirtiniz:<\/p>\n<p> \u3000\u3000\u2022 \u00dcr\u00fcn teknik \u00f6zellikleri ve model numaralar\u0131;<\/p>\n<p> \u3000\u3000\u2022 Ana devre sistemi \u015femas\u0131, i\u00e7 d\u00fczen \u015femas\u0131;<\/p>\n<p> \u3000\u3000\u2022 Yard\u0131mc\u0131 devre elektrik \u015fematik \u015femas\u0131;<\/p>\n<p> \u3000\u3000\u2022 Kabin i\u00e7indeki bile\u015fenler listesi (ana baralar\u0131n teknik \u00f6zellikleri);<\/p>\n<p> \u3000\u3000\u2022 Kabin rengi (herhangi bir talep belirtilmemi\u015fse a\u00e7\u0131k deve gri), kabin boyutlar\u0131.<\/p>\n<p> \u3000\u3000\u2022 \u00dcr\u00fcn\u00fcn normal \u00e7al\u0131\u015fma ko\u015fullar\u0131na uymayan di\u011fer \u00f6zel gereksinimler<br \/> Ana \u00d6zellikler<br \/> \u3000\u3000\u2022 Y\u00fcksek mukavemetli kaynakl\u0131 kombinasyonlu yap\u0131, \u00e7er\u00e7eve tamamen kaynakl\u0131 yap\u0131y\u0131 benimser, i\u00e7 k\u0131s\u0131mda mod\u00fcler kombinasyon kullan\u0131l\u0131r, y\u00fcksek yap\u0131sal mukavemet, esnek kurulum d\u00fczeni, g\u00fczel g\u00f6r\u00fcn\u00fcm.<\/p>\n<p> \u3000\u3000\u2022 Esnek ve ayarlanabilir bile\u015fen d\u00fczeni; kolay ve h\u0131zl\u0131 inceleme ve bak\u0131m; eksiksiz tan\u0131mlama, net uyar\u0131lar; s\u0131cak ve ho\u015f renk uyumu.<\/p>\n<p> \u3000\u3000\u2022 Kurulum s\u00fctunu geleneksel standart mod\u00fcler delik y\u00f6ntemini de\u011fi\u015ftirir ve y\u00fckseklik y\u00f6n\u00fcnde ad\u0131m ad\u0131m ayarlanabilir, b\u00f6ylece bile\u015fenlerin kurulum esnekli\u011fi ve h\u0131z\u0131 daha da art\u0131r\u0131l\u0131r.<\/p>\n<p> \u3000\u3000\u2022 Giri\u015f ve \u00e7\u0131k\u0131\u015f kablo delikleri \u00f6zel kule tipi s\u0131zd\u0131rmazl\u0131k halkalar\u0131yla donat\u0131lm\u0131\u015ft\u0131r; bu halkalar, kablo \u00f6zelliklerine g\u00f6re delik \u00e7ap\u0131n\u0131 ayarlayabilir, ayn\u0131 zamanda toz ge\u00e7irmez ve s\u0131zd\u0131rmazl\u0131k rol\u00fc oynar, k\u00fc\u00e7\u00fck hayvanlar\u0131n kabin i\u00e7ine girmesini ve elektrik k\u0131sa devrelerini \u00f6nlemeye yard\u0131mc\u0131 olur. Ekipman\u0131n g\u00fcvenli\u011fini ve\u53ef\u9760\u6027\u0131n\u0131 art\u0131r\u0131r.<\/p>","protected":false},"excerpt":{"rendered":"<p>FYXL g\u00fc\u00e7 da\u011f\u0131t\u0131m kabini, nominal gerilimi 400V ve nominal ak\u0131m\u0131 630A veya daha az olan g\u00fc\u00e7 al\u0131m\u0131, g\u00fc\u00e7 beslemesi, motor kontrol\u00fc ve ayd\u0131nlatma uygulamalar\u0131nda kullan\u0131ma uygundur. Otomatik entegre [\u2026] arac\u0131l\u0131\u011f\u0131yla kontrol, koruma, izolasyon, izleme, saya\u00e7lama ve uzaktan kontrol fonksiyonlar\u0131n\u0131 (d\u00f6rt uzaktan kontrol fonksiyonu) ger\u00e7ekle\u015ftirmektedir.<\/p>","protected":false},"featured_media":1589,"template":"","meta":{"_acf_changed":false,"_seopress_robots_primary_cat":""},"product_brand":[],"product_cat":[61],"product_tag":[],"class_list":{"0":"post-1588","1":"product","2":"type-product","3":"status-publish","4":"has-post-thumbnail","6":"product_cat-distribution-cabinet","8":"first","9":"instock","10":"shipping-taxable","11":"product-type-simple"},"acf":[],"_links":{"self":[{"href":"https:\/\/www.northpwr.cn\/tr\/wp-json\/wp\/v2\/product\/1588","targetHints":{"allow":["GET"]}}],"collection":[{"href":"https:\/\/www.northpwr.cn\/tr\/wp-json\/wp\/v2\/product"}],"about":[{"href":"https:\/\/www.northpwr.cn\/tr\/wp-json\/wp\/v2\/types\/product"}],"wp:featuredmedia":[{"embeddable":true,"href":"https:\/\/www.northpwr.cn\/tr\/wp-json\/wp\/v2\/media\/1589"}],"wp:attachment":[{"href":"https:\/\/www.northpwr.cn\/tr\/wp-json\/wp\/v2\/media?parent=1588"}],"wp:term":[{"taxonomy":"product_brand","embeddable":true,"href":"https:\/\/www.northpwr.cn\/tr\/wp-json\/wp\/v2\/product_brand?post=1588"},{"taxonomy":"product_cat","embeddable":true,"href":"https:\/\/www.northpwr.cn\/tr\/wp-json\/wp\/v2\/product_cat?post=1588"},{"taxonomy":"product_tag","embeddable":true,"href":"https:\/\/www.northpwr.cn\/tr\/wp-json\/wp\/v2\/product_tag?post=1588"}],"curies":[{"name":"wp","href":"https:\/\/api.w.org\/{rel}","templated":true}]}}