
{"id":1594,"date":"2025-12-03T11:04:49","date_gmt":"2025-12-03T03:04:49","guid":{"rendered":"https:\/\/www.northpwr.cn\/?post_type=product&p=1594"},"modified":"2025-12-03T11:04:49","modified_gmt":"2025-12-03T03:04:49","slug":"fyrmb-electricity-meter-box","status":"publish","type":"product","link":"https:\/\/www.northpwr.cn\/tr\/urun\/fyrmb-electricity-meter-box\/","title":{"rendered":"FYRMB elektrik saya\u00e7 kutusu"},"content":{"rendered":"<p data-cah=\"2\">FYRMB enerji saya\u00e7 kutusu esasen bir kutu g\u00f6vdesi, devre kesici, minyat\u00fcr devre kesici, elektrik sayac\u0131 ve konsantrat\u00f6r gibi bile\u015fenlerden olu\u015fur. Ticari i\u015fletmeler, villalar, yerle\u015fim alanlar\u0131 ve y\u00fcksek g\u00fc\u00e7 t\u00fcketimi ile \u00e7oklu enerji kullan\u0131m\u0131 gerektiren sivil yerlerde, AC 380V\/220V gerilim seviyelerinin ba\u011f\u0131ms\u0131z \u00f6l\u00e7\u00fcm\u00fcn\u00fc gerektiren alanlarda yayg\u0131n olarak kullan\u0131l\u0131r. Hatlar i\u00e7in a\u015f\u0131r\u0131 y\u00fck ve k\u0131sa devre korumas\u0131 sa\u011flayabilir.<\/p>\n<p> Genel Bak\u0131\u015f<br \/> \u3000\u3000FYRMB elektrik enerji saya\u00e7 kutusu esasen bir kutu g\u00f6vdesi, devre kesici, minyat\u00fcr devre kesici, elektrik sayac\u0131 ve konsantrat\u00f6r gibi bile\u015fenlerden olu\u015fur. Ticari i\u015fletmeler, villalar, yerle\u015fim alanlar\u0131 ve y\u00fcksek g\u00fc\u00e7 t\u00fcketimi ile \u00e7oklu enerji kullan\u0131m\u0131 gerektiren sivil yerlerde, AC 380V\/220V gerilim seviyelerinin ba\u011f\u0131ms\u0131z \u00f6l\u00e7\u00fcm\u00fcn\u00fc gerektiren alanlarda yayg\u0131n olarak kullan\u0131l\u0131r. Hatlar i\u00e7in a\u015f\u0131r\u0131 y\u00fck ve k\u0131sa devre korumas\u0131 sa\u011flayabilir.<br \/> Ana Yap\u0131sal \u00d6zellikler<br \/> \u3000\u3000\u2022 Kabuk so\u011fuk haddelenmi\u015f \u00e7elik plaka b\u00fck\u00fclerek kaynaklan\u0131r; y\u00fczeyi elektrostatik p\u00fcsk\u00fcrtme ile kaplan\u0131r;<\/p>\n<p> \u3000\u3000\u2022 Kutu \u00fc\u00e7 b\u00f6l\u00fcme ayr\u0131l\u0131r: giri\u015f hatt\u0131 anahtar\u0131 odas\u0131, elektrik sayac\u0131 odas\u0131 ve \u00e7\u0131k\u0131\u015f hatt\u0131 anahtar\u0131 odas\u0131. Her bir birim bir b\u00f6lmeyle ayr\u0131lm\u0131\u015ft\u0131r ve birbirinden nispeten ba\u011f\u0131ms\u0131zd\u0131r. Giri\u015f hatt\u0131 anahtar\u0131 odas\u0131nda anahtar\u0131n canl\u0131 par\u00e7alardan izole edilmesi i\u00e7in koruyucu bir b\u00f6lme kurulmu\u015ftur;<\/p>\n<p> \u3000\u3000\u2022 Elektrik sayac\u0131 odas\u0131n\u0131n kap\u0131s\u0131na polikarbonat veya \u015feffaf organik cam levha ve uzun kart yuvas\u0131 tak\u0131l\u0131r; b\u00f6ylece kullan\u0131c\u0131 \u00e7e\u015fitli verileri kolayca okuyabilir ve kartlar\u0131 yerle\u015ftirebilir ya da \u00e7\u0131karabilir;<\/p>\n<p> \u3000\u3000\u2022 Kullan\u0131c\u0131 ihtiya\u00e7lar\u0131na g\u00f6re elektrik sayac\u0131 odas\u0131na kur\u015fun m\u00fch\u00fcr veya \u015fifreli kilit eklenebilir;<\/p>\n<p> \u3000\u3000\u2022 Bile\u015fen montaj y\u00f6ntemi: Anahtar galvanizli C \u015feklindeki brakete monte edilir; bile\u015fen montaj plakas\u0131 galvanizli bir plakad\u0131r;<\/p>\n<p> \u3000\u3000\u2022 D\u0131\u015ftan giri\u015f ve \u00e7\u0131k\u0131\u015f y\u00f6ntemi: \u00dcstten giri\u015f alttan \u00e7\u0131k\u0131\u015f, veya alttan giri\u015f \u00fcstten \u00e7\u0131k\u0131\u015f, ya da giri\u015f hatlar\u0131 ayn\u0131 y\u00f6nde;<\/p>\n<p> \u3000\u3000\u2022 Koruyucu topraklama \u00f6nlemleri: Kutuda \u00f6zel bir PE s\u0131ras\u0131 bulunur ve bir i\u015faret yap\u0131\u015ft\u0131r\u0131lm\u0131\u015ft\u0131r;<\/p>\n<p> \u3000\u3000\u2022 12 saya\u00e7 pozisyonu (tek fazl\u0131 elektrik sayac\u0131) d\u0131\u015f boyutlar\u0131 (y\u00fckseklik \u00d7 geni\u015flik \u00d7 derinlik) m: 1800 \u00d7 800 \u00d7 200, veya kullan\u0131c\u0131 ihtiya\u00e7lar\u0131na g\u00f6re \u00f6zelle\u015ftirilebilir.<br \/> Teknik Parametreler<\/p>\n<p> \u3000\u3000\u2022 Nominal \u00e7al\u0131\u015fma gerilimi: 380V\/220V<\/p>\n<p> \u3000\u3000\u2022 Nominal yal\u0131t\u0131m gerilimi: 660V<\/p>\n<p> \u3000\u3000\u2022 Nominal frekans: 50Hz<\/p>\n<p> \u3000\u3000\u2022 Elektriksel izolasyon mesafesi: 5,5mm<\/p>\n<p> \u3000\u3000\u2022 Y\u00fcr\u00fcyen mesafe: 6,3mm<\/p>\n<p> \u3000\u3000\u2022 Ana baran\u0131n nominal ak\u0131m\u0131: 16-250A<\/p>\n<p> \u3000\u3000\u2022 Ana baraban nominal k\u0131sa s\u00fcreli dayan\u0131kl\u0131 ak\u0131m kapasitesi: 4,5kA<\/p>\n<p> \u3000\u3000\u2022 \u00c7\u0131k\u0131\u015f hatt\u0131 devresi nominal ak\u0131m\u0131: 63A<\/p>\n<p> \u3000\u3000\u2022 G\u00f6vde koruma seviyesi: IP20C<\/p>\n<p> Sipari\u015f Talimatlar\u0131<br \/> \u3000\u3000Sipari\u015f verirken l\u00fctfen belirtiniz:<\/p>\n<p> \u3000\u3000\u2022 \u00dcr\u00fcn teknik \u00f6zellikleri ve model numaralar\u0131;<\/p>\n<p> \u3000\u3000\u2022 Ana devre sistemi \u015femas\u0131, kabin i\u00e7 d\u00fczeni \u015femas\u0131;<\/p>\n<p> \u3000\u3000\u2022 Yard\u0131mc\u0131 devre elektrik prensip \u015femas\u0131;<\/p>\n<p> \u3000\u3000\u2022 Kabin i\u00e7indeki bile\u015fenler listesi (ana baralar\u0131n teknik \u00f6zellikleri);<\/p>\n<p> \u3000\u3000\u2022 Kabin rengi (herhangi bir talep yoksa a\u00e7\u0131k deve gri teslim edilir), kutu boyutu.<\/p>\n<p> \u3000\u3000\u2022 \u00dcr\u00fcn\u00fcn normal kullan\u0131m ko\u015fullar\u0131na uymayan di\u011fer \u00f6zel gereksinimler<br \/> Ana \u00d6zellikler<br \/> \u3000\u3000L\u00fctfen sipari\u015f verirken a\u015fa\u011f\u0131daki bilgileri sa\u011flay\u0131n:<\/p>\n<p> \u3000\u3000\u2022 Kutunun ana yap\u0131 sistem \u015femas\u0131 ve montaj y\u00f6ntemi.<\/p>\n<p> \u3000\u3000\u2022 Giri\u015f ve \u00e7\u0131k\u0131\u015f kablolar\u0131n\u0131n kesit alan\u0131.<\/p>\n<p> \u3000\u3000\u2022 Ekipman\u0131n i\u00e7indeki elektrik bile\u015fenlerinin modeli, \u00f6zellikleri ve miktar\u0131.<\/p>","protected":false},"excerpt":{"rendered":"<p>FYRMB enerji saya\u00e7 kutusu esasen bir kutu g\u00f6vdesi, devre kesici, minyat\u00fcr devre kesici, elektrik sayac\u0131 ve toplay\u0131c\u0131dan vb. olu\u015fur. Ticari i\u015fletmeler, villalar, yerle\u015fim alanlar\u0131 ve y\u00fcksek enerji t\u00fcketimi ile \u00e7oklu g\u00fc\u00e7 kullan\u0131m\u0131 gerektiren, AC 380V\/220V gerilim seviyelerinin ba\u011f\u0131ms\u0131z olarak \u00f6l\u00e7\u00fclmesi gereken sivil yerlerde yayg\u0131n olarak kullan\u0131l\u0131r. Bu \u00fcr\u00fcn, a\u015f\u0131r\u0131 y\u00fck [\u2026]<\/p>","protected":false},"featured_media":1595,"template":"","meta":{"_acf_changed":false,"_seopress_robots_primary_cat":""},"product_brand":[],"product_cat":[64],"product_tag":[],"class_list":{"0":"post-1594","1":"product","2":"type-product","3":"status-publish","4":"has-post-thumbnail","6":"product_cat-intelligent-bus-monitoring-system","8":"first","9":"instock","10":"shipping-taxable","11":"product-type-simple"},"acf":[],"_links":{"self":[{"href":"https:\/\/www.northpwr.cn\/tr\/wp-json\/wp\/v2\/product\/1594","targetHints":{"allow":["GET"]}}],"collection":[{"href":"https:\/\/www.northpwr.cn\/tr\/wp-json\/wp\/v2\/product"}],"about":[{"href":"https:\/\/www.northpwr.cn\/tr\/wp-json\/wp\/v2\/types\/product"}],"wp:featuredmedia":[{"embeddable":true,"href":"https:\/\/www.northpwr.cn\/tr\/wp-json\/wp\/v2\/media\/1595"}],"wp:attachment":[{"href":"https:\/\/www.northpwr.cn\/tr\/wp-json\/wp\/v2\/media?parent=1594"}],"wp:term":[{"taxonomy":"product_brand","embeddable":true,"href":"https:\/\/www.northpwr.cn\/tr\/wp-json\/wp\/v2\/product_brand?post=1594"},{"taxonomy":"product_cat","embeddable":true,"href":"https:\/\/www.northpwr.cn\/tr\/wp-json\/wp\/v2\/product_cat?post=1594"},{"taxonomy":"product_tag","embeddable":true,"href":"https:\/\/www.northpwr.cn\/tr\/wp-json\/wp\/v2\/product_tag?post=1594"}],"curies":[{"name":"wp","href":"https:\/\/api.w.org\/{rel}","templated":true}]}}